{"id":21,"date":"2016-08-26T23:04:21","date_gmt":"2016-08-26T21:04:21","guid":{"rendered":"http:\/\/citymagazin.vweb.warwaris.at\/?page_id=21"},"modified":"2025-11-10T13:07:08","modified_gmt":"2025-11-10T12:07:08","slug":"impressum","status":"publish","type":"page","link":"https:\/\/www.city-magazin.at\/index.php\/impressum\/","title":{"rendered":"Impressum"},"content":{"rendered":"<div class=\"fusion-fullwidth fullwidth-box nonhundred-percent-fullwidth non-hundred-percent-height-scrolling\"  style='background-color: rgba(255,255,255,0);background-position: center center;background-repeat: no-repeat;padding-top:0px;padding-right:0px;padding-bottom:0px;padding-left:0px;'><div class=\"fusion-builder-row fusion-row \"><div  class=\"fusion-layout-column fusion_builder_column fusion_builder_column_1_1  fusion-one-full fusion-column-first fusion-column-last 1_1\"  style='margin-top:0px;margin-bottom:0px;'>\n\t\t\t\t\t<div class=\"fusion-column-wrapper\" style=\"padding: 0px 0px 0px 0px;background-position:left top;background-repeat:no-repeat;-webkit-background-size:cover;-moz-background-size:cover;-o-background-size:cover;background-size:cover;\"  data-bg-url=\"\">\n\t\t\t\t\t\t<div class=\"fusion-title title fusion-sep-none fusion-title-size-one\" style=\"margin-top:0px;margin-bottom:31px;\"><h1 class=\"title-heading-left\"><h1>IMPRESSUM<\/h1><\/h1><\/div><div class=\"fusion-text\"><p class=\"p1\"><span class=\"s1\">Medieninhaber &amp; Herausgeber:\u00a0<\/span><\/p>\n<p class=\"p1\">CITY Media Zeitschriften GesmbH<br \/>\n<span class=\"s1\"><span class=\"intro\">Eisenbahngasse 16<br \/>\n<\/span><\/span><span class=\"s1\">4020 Linz<\/span><span class=\"s1\"><br \/>\n<\/span><span class=\"s1\">ATU52077504<\/span><\/p>\n<p class=\"p1\"><span class=\"s1\">Firmenbuchnummer: 207941x<br \/>\n<\/span><span class=\"s1\">Firmengericht: Landesgericht Linz<br \/>\n<\/span><span class=\"s1\">Beh\u00f6rde gem. ECG: Magistrat der Stadt Linz\/Donau<\/span><\/p>\n<p class=\"p1\"><span class=\"s1\">Gesch\u00e4ftsf\u00fchrung &amp; Chefredaktion: <a href=\"tel:00436765055550\">Christian Horvath<br \/>\n<\/a><\/span><span class=\"s1\">Verkauf:\u00a0<a href=\"tel:00436765055550\">Christian Horvath<\/a>, <a href=\"tel:00436764089564\">Petra Hennerbichler<br \/>\n<\/a><\/span><span class=\"s1\">Redaktion: <\/span><span class=\"s1\">Arne Kr\u00f6ll<\/span><span class=\"s1\">, Thomas Duschlbauer<br \/>\n<\/span><span class=\"s1\">Erscheinungsweise:\u00a0<\/span><span class=\"s1\">Monatliche Gratis-Verteilung an 210.000 Haushalte.<br \/>\n<\/span><span class=\"s1\">Druck: <\/span><span class=\"s1\">P\/mint House of Print, <span data-olk-copy-source=\"MessageBody\">Pu\u0142tuska 120, 07-200 Wyszk\u00f3w<\/span><br \/>\n<\/span><span class=\"s1\">Vertrieb:\u00a0<\/span><span class=\"s1\">Post.at Gruppe<\/span><\/p>\n<p class=\"p1\"><span class=\"s1\">E-Mail Redaktion:\u00a0<\/span><a href=\"mailto:redaktion@city-magazin.at\"><span class=\"s1\">redaktion@city-magazin.at<br \/>\n<\/span><\/a><span class=\"s1\">E-Mail Verkauf:\u00a0<\/span><a href=\"mailto:horvath@city-magazin.at\"><span class=\"s1\">horvath@city-magazin.at<br \/>\n<\/span><\/a><span class=\"s1\">Website:\u00a0<\/span><a href=\"http:\/\/www.city-magazin.at\"><span class=\"s1\">www.city-magazin.at<\/span><\/a><\/p>\n<\/div><div class=\"fusion-text\"><h3 class=\"p1\"><span class=\"s1\">Offenlegung nach \u00a7 25 des Mediengesetz:<\/span><\/h3>\n<p class=\"p1\"><span class=\"s1\">Medieninhaber &amp; Herausgeber: CITY Media Zeitschriften GesmbH<br \/>\n<\/span><\/p>\n<p class=\"p1\"><span class=\"s1\">Unternehmensgegenstand:\u00a0<\/span><span class=\"s1\">Die Herausgabe, der Druck, der Verlag und der Vertrieb von periodisch erscheinenden Printmedien &#8211; insbesondere von Monatsmagazinen, Special Interest-, Kunden- und Mitarbeitermagazinen.<\/span><\/p>\n<p class=\"p1\"><span class=\"s1\">Gesch\u00e4ftsf\u00fchrer: Christian Horvath<br \/>\n<\/span><span class=\"s1\">Adresse: <span class=\"intro\">Eisenbahngasse 16<\/span>, 4020 Linz<br \/>\n<\/span><span class=\"s1\">Firmenbuchnummer: FN 207941x<\/span><\/p>\n<p class=\"p1\"><span class=\"s1\">An der City Media GmbH beteiligte Gesellschafter:<\/span><\/p>\n<ul>\n<li class=\"p1\"><span class=\"s1\">AT 8 Verm\u00f6gensverwaltungsGmbH \u00d6sterreich (75 %)<\/span><span class=\"s1\"><br \/>\n<\/span><\/li>\n<li class=\"p1\"><span class=\"s1\">Christian Horvath (25 %)<\/span><\/li>\n<\/ul>\n<p class=\"p1\"><span class=\"s1\">An der AT 8 Verm\u00f6gensverwaltungsGmbH \u00d6sterreich beteiligter Gesellschafter:<\/span><\/p>\n<p class=\"p1\"><span class=\"s1\">Dr. Franz Mittendorfer (100%). H\u00e4lt treuh\u00e4ndig f\u00fcr: \u00d6sterreichische Volkspartei Ober\u00f6sterreich, Obere Donaul\u00e4nde 7, 4020 Linz (100%).<\/span><\/p>\n<p class=\"p1\"><span class=\"s1\">Landesparteiobmann: LH\u00a0Thomas Stelzer<br \/>\n<\/span><span class=\"s1\">Landesgesch\u00e4ftsf\u00fchrer: Mag. Florian Hiegelsberger<br \/>\n<\/span><\/p>\n<p class=\"p1\"><span class=\"s1\">Dr. Franz Mittendorfer ist Inhaber des folgenden anderen Medienunternehmens:<\/span><\/p>\n<p class=\"p1\"><span class=\"s1\">Ober\u00f6sterreichische Media Data Vertriebs- und Verlags-GmbH mit dem Sitz in 4010 Linz, Derfflingerstra\u00dfe 14.<br \/>\n<\/span><span class=\"s1\">Unternehmensgegenstand: Verlegen von Zeitungen.<\/span><\/p>\n<p class=\"p1\"><span class=\"s1\">Grundlegende Richtung gem\u00e4\u00df \u00a7 25, Absatz 4:<\/span><\/p>\n<p class=\"p1\"><span class=\"s1\">Das CITY!\u00a0Magazin ist ein Monatsmagazin, die Redaktion keiner bestimmten Weltanschauung verpflichtet. Sie bekennt sich allerdings zu den Werten des Pluralismus und der Demokratie mit dem Recht auf freie Meinungs\u00e4u\u00dferung.<\/span><\/p>\n<h3>Datenschutzerkl\u00e4rung<\/h3>\n<p><a href=\"http:\/\/www.city-magazin.at\/index.php\/datenschutz\/\">Datenschutz<\/a><\/p>\n<h3>Datenschutzerkl\u00e4rung Gewinnspiele<\/h3>\n<p><a href=\"http:\/\/www.city-magazin.at\/index.php\/datenschutz-gewinnspiel\/\">Datenschutz Gewinnspiel<\/a><\/p>\n<h3>Allgemeine Gesch\u00e4ftsbedingungen<\/h3>\n<p>Der Auftrag kommt zwischen dem Kunden (im Folgenden Auftraggeber) und der CITY Media Zeitschriften GesmbH (im Folgenden Auftragnehmer) zustande. Ma\u00dfgeblich f\u00fcr Auftr\u00e4ge sind nachstehende Gesch\u00e4ftsbedingungen sowie die jeweils g\u00fcltige Preisliste. Durch die Auftragserteilung erkl\u00e4rt sich der Auftraggeber mit den AGBs und der Preisliste einverstanden. Abweichende Vereinbarungen bed\u00fcrfen der Schriftform. Zahlungsbedingungen: Rechnungen sind sofort nach Erhalt zahlbar, es sei denn, sie weisen ein anderes F\u00e4lligkeitsdatum auf. Bei Zahlungsverzug werden dem Auftraggeber Verzugszinsen in der H\u00f6he von 10 % p.a., sowie etwaige Mahn-, Inkasso- oder Rechtsanwaltskosten verrechnet.<\/p>\n<p>Auftragsabwicklung: Wir behalten uns das Recht vor, Auftr\u00e4ge ohne Angabe von Gr\u00fcnden abzulehnen. F\u00fcr die rechtzeitige und vollst\u00e4ndige Beistellung der Druckunterlagen, Beilagen,etc. und deren Inhalt ist der Auftraggeber haftbar. Der Auftragnehmer haftet f\u00fcr die Druckqualit\u00e4t nur, wenn einwandfreie Vorlagen in Proof-Qualit\u00e4t f\u00fcr den Druck beigestellt wurden. F\u00fcr die Annahme von Anzeigen an bestimmten Pl\u00e4tzen der jeweiligen Ausgabe wird keine Gew\u00e4hr geleistet, es sei denn, der Auftraggeber hat die G\u00fcltigkeit des Auftrages schriftlich davon abh\u00e4ngig gemacht und entsprechende Platzierungszuschl\u00e4ge abgegolten. Probeabz\u00fcge werden nur auf schriftlichen Wunsch \u00fcbersandt. Bei nicht fristgerechter R\u00fccksendung gilt die Genehmigung zum Druck als erteilt.<\/p>\n<p>Auf Wunsch werden gegen Entgelt die Druckunterlagen vom Auftragnehmer gestaltet. Die Rechte f\u00fcr die Weiterverwendung in anderen Medien m\u00fcssen gesondert beim Verlag erstanden werden. Die Pflicht zur Aufbewahrung von Unterlagen endet 2 Wochen nach Erscheinungstermin.<\/p>\n<p>Reklamationen: Reklamationen bed\u00fcrfen der Schriftform. Der Auftragnehmer \u00fcbernimmt keine Haftung f\u00fcr Sch\u00e4den, welche dem Auftraggeber durch verminderte Verteilungsanzahl, nicht termingerechte Verteilung oder sonstige Abweichungen vom best\u00e4tigten Auftrag entstehen k\u00f6nnen. Bei Satzfehlern, irrt\u00fcmlichem Nichterscheinen und dergleichen besteht Anspruch auf Einschaltung einer Ersatzanzeige. F\u00fcr Druckfehler, die den Sinn des Inserates nicht wesentlich beeinflussen, wird kein Ersatz geleistet.<br \/>\nAuftragsstornierung: Bei Stornos von Auftr\u00e4gen nach Druckunterlagenschluss wird eine Stornogeb\u00fchr in der H\u00f6he von 50 % des Fakturenwertes verrechnet.<\/p>\n<p>Erf\u00fcllungsort und Gerichtsstand ist Linz.<\/p>\n<\/div><div class=\"fusion-clearfix\"><\/div>\n\n\t\t\t\t\t<\/div>\n\t\t\t\t<\/div><\/div><\/div>\n","protected":false},"excerpt":{"rendered":"","protected":false},"author":4,"featured_media":0,"parent":0,"menu_order":0,"comment_status":"closed","ping_status":"closed","template":"","meta":{"jetpack_post_was_ever_published":false,"footnotes":""},"class_list":["post-21","page","type-page","status-publish","hentry"],"jetpack_shortlink":"https:\/\/wp.me\/P7QK0n-l","jetpack_sharing_enabled":true,"_links":{"self":[{"href":"https:\/\/www.city-magazin.at\/index.php\/wp-json\/wp\/v2\/pages\/21","targetHints":{"allow":["GET"]}}],"collection":[{"href":"https:\/\/www.city-magazin.at\/index.php\/wp-json\/wp\/v2\/pages"}],"about":[{"href":"https:\/\/www.city-magazin.at\/index.php\/wp-json\/wp\/v2\/types\/page"}],"author":[{"embeddable":true,"href":"https:\/\/www.city-magazin.at\/index.php\/wp-json\/wp\/v2\/users\/4"}],"replies":[{"embeddable":true,"href":"https:\/\/www.city-magazin.at\/index.php\/wp-json\/wp\/v2\/comments?post=21"}],"version-history":[{"count":44,"href":"https:\/\/www.city-magazin.at\/index.php\/wp-json\/wp\/v2\/pages\/21\/revisions"}],"predecessor-version":[{"id":7189,"href":"https:\/\/www.city-magazin.at\/index.php\/wp-json\/wp\/v2\/pages\/21\/revisions\/7189"}],"wp:attachment":[{"href":"https:\/\/www.city-magazin.at\/index.php\/wp-json\/wp\/v2\/media?parent=21"}],"curies":[{"name":"wp","href":"https:\/\/api.w.org\/{rel}","templated":true}]}}