{"id":3250,"date":"2025-03-23T19:00:47","date_gmt":"2025-03-23T18:00:47","guid":{"rendered":"http:\/\/www.city-magazin.at\/?page_id=3250"},"modified":"2026-03-22T14:42:59","modified_gmt":"2026-03-22T13:42:59","slug":"gewinnspiel-6","status":"publish","type":"page","link":"https:\/\/www.city-magazin.at\/index.php\/gewinnspiel-6\/","title":{"rendered":"Gewinnspiel Ostern"},"content":{"rendered":"<div class=\"fusion-fullwidth fullwidth-box nonhundred-percent-fullwidth non-hundred-percent-height-scrolling\"  style='background-color: rgba(255,255,255,0);background-position: center center;background-repeat: no-repeat;padding-top:20px;padding-right:0px;padding-bottom:20px;padding-left:0px;'><div class=\"fusion-builder-row fusion-row \"><div  class=\"fusion-layout-column fusion_builder_column fusion_builder_column_1_2  fusion-one-half fusion-column-first 1_2\"  style='margin-top:0px;margin-bottom:20px;width:50%;width:calc(50% - ( ( 4% ) * 0.5 ) );margin-right: 4%;'>\n\t\t\t\t\t<div class=\"fusion-column-wrapper\" style=\"padding: 0px 0px 0px 0px;background-position:left top;background-repeat:no-repeat;-webkit-background-size:cover;-moz-background-size:cover;-o-background-size:cover;background-size:cover;\"  data-bg-url=\"\">\n\t\t\t\t\t\t<div class=\"fusion-text\"><h1><span style=\"color: #e20714;\"><strong>GEWINNSPIEL <\/strong><span style=\"color: #ffcc00;\">OSTER<\/span><\/span><\/h1>\n<p class=\"\" data-start=\"0\" data-end=\"56\">\ud83c\udf89 <strong>Oster-Gewinnspiel<\/strong> \ud83d\udc23<\/p>\n<p class=\"isSelectedEnd\">Wir verlosen wieder <strong>drei liebevoll gef\u00fcllte Osternester<\/strong>!<\/p>\n<p class=\"isSelectedEnd\">Darin erwarten Sie:<br \/>\n\ud83c\udf6b ein Schoko-Hase<br \/>\n\ud83e\udd5a bunte Ostereier<br \/>\n\ud83d\udcb0 eine Philharmoniker-Silberm\u00fcnze<\/p>\n<p class=\"isSelectedEnd\">Und das ist noch nicht alles:<br \/>\n\u2728 Einer der drei Gewinner erh\u00e4lt zus\u00e4tzlich ein <strong>edles Concordia-Armband mit 18 Karat Goldbesatz<\/strong> vom Uhrmachermeister H\u00fcbner im Wert von <strong>500 Euro<\/strong>!<\/p>\n<p class=\"isSelectedEnd\"><strong>So machen Sie mit:<\/strong><br \/>\nBegeben Sie sich auf die Suche nach den <strong>drei versteckten Ostereiern<\/strong> in unserem Heft:<br \/>\n\ud83d\udd34 rot<br \/>\n\ud83d\udfe2 gr\u00fcn<br \/>\n\ud83d\udfe1 gold<\/p>\n<p class=\"isSelectedEnd\">Die Eier sind gut versteckt und schauen jeweils nur leicht angeschnitten hinter Berichten oder Inseraten hervor.<\/p>\n<p class=\"isSelectedEnd\">\ud83d\udc49 Haben Sie alle drei entdeckt? Dann senden Sie uns einfach die <strong>Seitenzahlen<\/strong> der Verstecke und schon sind Sie im Lostopf!<\/p>\n<p>Viel Gl\u00fcck und frohe Ostern! \ud83c\udf40\ud83d\udc30<\/p>\n<p>Die Gewinner werden telefonisch kontaktiert. Bitte geben Sie daher immer Ihre Telefonnummer an. Die Preise k\u00f6nnen nicht in bar ausgezahlt werden und m\u00fcssen aus organisatorischen und rechtlichen Gr\u00fcnden ausschlie\u00dflich in der Service Zone im 1. OG der Passage Linz (Landstra\u00dfe 17-25, 4020 Linz) oder in der Redaktion (Eisenbahngasse 16, 4020 Linz) nach Terminvereinbarung abgeholt werden. Andernfalls verf\u00e4llt der Anspruch auf den Gewinn innerhalb von zehn Tagen.<\/p>\n<p>Die Gewinner erkl\u00e4ren sich damit einverstanden, dass ihre Namen von der Redaktion genannt werden d\u00fcrfen. Dies gilt f\u00fcr alle Arten von Bekanntmachungen, sowohl in gedruckter Form als auch digital. Sollte ein Teilnehmer nicht damit einverstanden sein, muss dies der CITY!-Redaktion unverz\u00fcglich bei der Benachrichtigung \u00fcber den Gewinn mitgeteilt werden. Der Rechtsweg ist ausgeschlossen.<\/p>\n<p><span class=\"intro\">\u00a0<\/span><\/p>\n<h6><\/h6>\n<p><em>Foto AdobeStock<\/em><\/p>\n<div id=\"wrapper\">\n<div class=\"fusion-row\">\n<section id=\"content\">\n<div id=\"post-3154\" class=\"post-3154 page type-page status-publish hentry\">\n<div class=\"post-content\">\n<div class=\"fusion-fullwidth fullwidth-box fusion-ie-mode nonhundred-percent-fullwidth non-hundred-percent-height-scrolling\">\n<div class=\"fusion-builder-row fusion-row \">\n<div class=\"fusion-layout-column fusion_builder_column fusion_builder_column_1_2 fusion-one-half fusion-column-first 1_2\">\n<div class=\"fusion-column-wrapper\" data-bg-url=\"\">\n<div class=\"fusion-text\"><\/div>\n<\/div>\n<\/div>\n<\/div>\n<\/div>\n<\/div>\n<\/div>\n<\/section>\n<\/div>\n<\/div>\n<\/div><div class=\"fusion-clearfix\"><\/div>\n\n\t\t\t\t\t<\/div>\n\t\t\t\t<\/div><div  class=\"fusion-layout-column fusion_builder_column fusion_builder_column_1_2  fusion-one-half fusion-column-last 1_2\"  style='margin-top:0px;margin-bottom:20px;width:50%;width:calc(50% - ( ( 4% ) * 0.5 ) );'>\n\t\t\t\t\t<div class=\"fusion-column-wrapper\" style=\"padding: 0px 0px 0px 0px;background-position:left top;background-repeat:no-repeat;-webkit-background-size:cover;-moz-background-size:cover;-o-background-size:cover;background-size:cover;\"  data-bg-url=\"\">\n\t\t\t\t\t\t<div class=\"fusion-text\"><h4><\/h4>\n<\/div>\n<div class=\"wpcf7 no-js\" id=\"wpcf7-f3265-o1\" lang=\"de-DE\" dir=\"ltr\" data-wpcf7-id=\"3265\">\n<div class=\"screen-reader-response\"><p role=\"status\" aria-live=\"polite\" aria-atomic=\"true\"><\/p> <ul><\/ul><\/div>\n<form action=\"\/index.php\/wp-json\/wp\/v2\/pages\/3250#wpcf7-f3265-o1\" method=\"post\" class=\"wpcf7-form init\" aria-label=\"Kontaktformular\" novalidate=\"novalidate\" data-status=\"init\">\n<fieldset class=\"hidden-fields-container\"><input type=\"hidden\" name=\"_wpcf7\" value=\"3265\" \/><input type=\"hidden\" name=\"_wpcf7_version\" value=\"6.1.5\" \/><input type=\"hidden\" name=\"_wpcf7_locale\" value=\"de_DE\" \/><input type=\"hidden\" name=\"_wpcf7_unit_tag\" value=\"wpcf7-f3265-o1\" \/><input type=\"hidden\" name=\"_wpcf7_container_post\" value=\"0\" \/><input type=\"hidden\" name=\"_wpcf7_posted_data_hash\" value=\"\" \/>\n<\/fieldset>\n<p><label> Name (erforderlich)<br \/>\n<span class=\"wpcf7-form-control-wrap\" data-name=\"your-name\"><input size=\"40\" maxlength=\"400\" class=\"wpcf7-form-control wpcf7-text wpcf7-validates-as-required\" aria-required=\"true\" aria-invalid=\"false\" value=\"\" type=\"text\" name=\"your-name\" \/><\/span> <\/label>\n<\/p>\n<p><label> E-Mail (erforderlich)<br \/>\n<span class=\"wpcf7-form-control-wrap\" data-name=\"your-email\"><input size=\"40\" maxlength=\"400\" class=\"wpcf7-form-control wpcf7-email wpcf7-validates-as-required wpcf7-text wpcf7-validates-as-email\" aria-required=\"true\" aria-invalid=\"false\" value=\"\" type=\"email\" name=\"your-email\" \/><\/span> <\/label>\n<\/p>\n<p><label> Telefonnummer (erforderlich)<br \/>\n<span class=\"wpcf7-form-control-wrap\" data-name=\"tel-974\"><input size=\"40\" maxlength=\"400\" class=\"wpcf7-form-control wpcf7-tel wpcf7-validates-as-required wpcf7-text wpcf7-validates-as-tel\" aria-required=\"true\" aria-invalid=\"false\" value=\"\" type=\"tel\" name=\"tel-974\" \/><\/span> <\/label>\n<\/p>\n<p><label> Wo haben Sie die Ostereier entdeckt (erforderlich)<br \/>\n<span class=\"wpcf7-form-control-wrap\" data-name=\"Seiten\"><textarea cols=\"40\" rows=\"10\" maxlength=\"2000\" class=\"wpcf7-form-control wpcf7-textarea wpcf7-validates-as-required\" aria-required=\"true\" aria-invalid=\"false\" name=\"Seiten\"><\/textarea><\/span><br \/>\n<span class=\"wpcf7-form-control-wrap\" data-name=\"acceptance-100\"><span class=\"wpcf7-form-control wpcf7-acceptance\"><span class=\"wpcf7-list-item\"><label><input type=\"checkbox\" name=\"acceptance-100\" value=\"1\" aria-invalid=\"false\" \/><span class=\"wpcf7-list-item-label\">Ich habe die Teilnahmebedingungen gelesen.<\/span><\/label><\/span><\/span><\/span><br \/>\n<input class=\"wpcf7-form-control wpcf7-submit has-spinner\" type=\"submit\" value=\"Senden\" \/><\/label>\n<\/p><div class=\"fusion-alert alert custom alert-custom fusion-alert-center fusion-alert-capitalize alert-dismissable wpcf7-response-output\" style=\"background-color:;color:;border-color:;border-width:1px;\"><button style=\"color:;border-color:;\" type=\"button\" class=\"close toggle-alert\" data-dismiss=\"alert\" aria-hidden=\"true\">&times;<\/button><div class=\"fusion-alert-content-wrapper\"><span class=\"fusion-alert-content\"><\/span><\/div><\/div>\n<\/form>\n<\/div>\n<div class=\"fusion-text\"><p><strong>Datenschutz:<\/strong> <em>Mit Ihrer Teilnahme erkl\u00e4ren Sie sich einverstanden, dass wir Ihre im Rahmen des Gewinnspiels \u00fcbermittelten personenbezogenen Daten zum Zweck der Gewinnspielteilnahme \u2013 jederzeit widerruflich \u2013 verarbeiten. Ihre personenbezogenen Daten werden durch CITY! nur in jenem Ausma\u00df verarbeitet, als es im Rahmen der datenschutzrechtlichen Regelungen unter Einhaltung s\u00e4mtlicher Grunds\u00e4tze des Datenschutzes wie z.B. Rechtm\u00e4\u00dfigkeit, Zweckbindung, Datenminimierung und Speicherbegrenzung erforderlich ist. Die Gewinnspiel-Partner von CITY! k\u00f6nnen Empf\u00e4nger der zur Abwicklung ben\u00f6tigten Daten sein. Auf <a href=\"http:\/\/www.city-magazin.at\/index.php\/datenschutz\/\">www.city-magazin.at\/datenschutz<\/a> inden Sie alle Informationen zum Datenschutz bei CITY! inklusive Kontaktm\u00f6glichkeit, um Ihre Rechte im Datenschutz wie z.B. Auskunft, L\u00f6schung oder Berichtigung in Anspruch zu nehmen. Kontaktieren Sie uns per Post (CITY Media Zeitschriften GmbH, <span class=\"s1\">Eisenbahngasse 16, <\/span><span class=\"s1\">4020 Linz<\/span>), mit einer Kopie ihres Reisepa\u00df bzw. Personalausweises.<\/em><\/p>\n<\/div><div class=\"fusion-clearfix\"><\/div>\n\n\t\t\t\t\t<\/div>\n\t\t\t\t<\/div><\/div><\/div>\n","protected":false},"excerpt":{"rendered":"","protected":false},"author":2,"featured_media":7431,"parent":0,"menu_order":0,"comment_status":"closed","ping_status":"closed","template":"","meta":{"jetpack_post_was_ever_published":true,"footnotes":""},"class_list":["post-3250","page","type-page","status-publish","has-post-thumbnail","hentry"],"jetpack_shortlink":"https:\/\/wp.me\/P7QK0n-Qq","jetpack_sharing_enabled":true,"_links":{"self":[{"href":"https:\/\/www.city-magazin.at\/index.php\/wp-json\/wp\/v2\/pages\/3250","targetHints":{"allow":["GET"]}}],"collection":[{"href":"https:\/\/www.city-magazin.at\/index.php\/wp-json\/wp\/v2\/pages"}],"about":[{"href":"https:\/\/www.city-magazin.at\/index.php\/wp-json\/wp\/v2\/types\/page"}],"author":[{"embeddable":true,"href":"https:\/\/www.city-magazin.at\/index.php\/wp-json\/wp\/v2\/users\/2"}],"replies":[{"embeddable":true,"href":"https:\/\/www.city-magazin.at\/index.php\/wp-json\/wp\/v2\/comments?post=3250"}],"version-history":[{"count":82,"href":"https:\/\/www.city-magazin.at\/index.php\/wp-json\/wp\/v2\/pages\/3250\/revisions"}],"predecessor-version":[{"id":7196,"href":"https:\/\/www.city-magazin.at\/index.php\/wp-json\/wp\/v2\/pages\/3250\/revisions\/7196"}],"wp:featuredmedia":[{"embeddable":true,"href":"https:\/\/www.city-magazin.at\/index.php\/wp-json\/wp\/v2\/media\/7431"}],"wp:attachment":[{"href":"https:\/\/www.city-magazin.at\/index.php\/wp-json\/wp\/v2\/media?parent=3250"}],"curies":[{"name":"wp","href":"https:\/\/api.w.org\/{rel}","templated":true}]}}