{"id":4304,"date":"2019-03-10T13:13:03","date_gmt":"2019-03-10T12:13:03","guid":{"rendered":"http:\/\/www.city-magazin.at\/?page_id=4304"},"modified":"2020-10-05T16:27:19","modified_gmt":"2020-10-05T14:27:19","slug":"datenschutz-gewinnspiel","status":"publish","type":"page","link":"https:\/\/www.city-magazin.at\/index.php\/datenschutz-gewinnspiel\/","title":{"rendered":"Datenschutz Gewinnspiel"},"content":{"rendered":"<div class=\"fusion-fullwidth fullwidth-box nonhundred-percent-fullwidth non-hundred-percent-height-scrolling\"  style='background-color: rgba(255,255,255,0);background-position: center center;background-repeat: no-repeat;padding-top:20px;padding-right:0px;padding-bottom:20px;padding-left:0px;'><div class=\"fusion-builder-row fusion-row \"><div  class=\"fusion-layout-column fusion_builder_column fusion_builder_column_1_1  fusion-one-full fusion-column-first fusion-column-last 1_1\"  style='margin-top:0px;margin-bottom:20px;'>\n\t\t\t\t\t<div class=\"fusion-column-wrapper\" style=\"padding: 0px 0px 0px 0px;background-position:left top;background-repeat:no-repeat;-webkit-background-size:cover;-moz-background-size:cover;-o-background-size:cover;background-size:cover;\"  data-bg-url=\"\">\n\t\t\t\t\t\t<div class=\"fusion-text\"><h2>Teilnahmebedingungen Gewinnspiele<\/h2>\n<p>Veranstalter des Gewinnspiels ist die CITY Media Zeitschriften GmbH; Mozartstra\u00dfe 53; 4020 Linz (CITY!).<\/p>\n<h4>Social Media<\/h4>\n<p>Das Gewinnspiel steht in keiner Verbindung zu Facebook bzw. Instagram und wird in keiner Weise von Facebook bzw. Instagram gesponsert, unterst\u00fctzt oder organisiert. Facebook und Instagram stehen als Ansprechpartner f\u00fcr R\u00fcckfragen zu Gewinnspielen nicht zur Verf\u00fcgung.<\/p>\n<p>Je nachdem, ob TeilnehmerInnen am jeweiligen Gewinnspiel \u00fcber Facebook oder Instagram teilnehmen, ist f\u00fcr die folgenden Teilnahmebedingungen entweder die Facebook-Seite von CITY! und der Gewinnspiel-Beitrag auf Facebook oder die Instagram-Seite von CITY! und der Gewinnspiel-Beitrag auf Instagram ma\u00dfgeblich.<\/p>\n<p>Teilnahmeberechtigt sind alle nat\u00fcrlichen Personen, die Facebook-Seite von CITY! mit \u201eGef\u00e4llt mir\u201c (\u201eLike\u201c) markiert haben bzw. der Instagram-Seite von CITY! folgen. Mit dem Vorgang des \u201eLikens\u201c bzw. \u201eFolgens\u201c akzeptieren die TeilnehmerInnen die Nutzungsbedingungen und Verhaltensregeln der Facebook- bzw. Instagram-Seite von CITY! (jederzeit abrufbar unter https:\/\/www.facebook.com\/citymagazin\/ bzw. https:\/\/www.instagram.com\/citymagazin\/ ). Die MitarbeiterInnen von CITY!, deren Angeh\u00f6rige sowie s\u00e4mtliche MitarbeiterInnen etwaiger Kooperationspartner und deren Angeh\u00f6rige sind von der Teilnahme nicht ausgeschlossen.<\/p>\n<p>Die Teilnahme am Gewinnspiel erfolgt durch Klick auf den &#8222;Gef\u00e4llt mir&#8220;-Button (\u201eLiken\u201c) und Abgabe eines Kommentars unter dem jeweiligen Gewinnspiel-Beitrag auf Facebook bzw. Instagram, wodurch die gegenst\u00e4ndlichen Teilnahmebedingungen akzeptiert werden. Beide genannten Voraussetzungen (Liken und Kommentierung) m\u00fcssen erf\u00fcllt sein, um am Gewinnspiel teilzunehmen. Dar\u00fcber hinausgehende Anforderungen f\u00fcr die Teilnahme am Gewinnspiel (z.B. die richtige Beantwortung einer Gewinnspielfrage), der Teilnahmezeitraum sowie der Gewinn sind dem jeweiligen Gewinnspiel-Beitrag auf Facebook bzw. Instagram zu entnehmen.<\/p>\n<p>Die Teilnahme am Gewinnspiel ist nur unter Verwendung eines aktiven und realen Facebook- bzw. Instagram-Accounts (keine sogenannten \u201eFake-Accounts\u201c) m\u00f6glich. Es ist nicht erlaubt, im Namen einer anderen nat\u00fcrlichen Person an einem Gewinnspiel teilzunehmen.<\/p>\n<p>CITY! beh\u00e4lt sich das Recht vor, jene TeilnehmerInnen vom Gewinnspiel auszuschlie\u00dfen bzw. von der Facebook- oder Instagram-Seite zu blockieren und allf\u00e4llige Gewinne einzubehalten, die aufgrund von falschen Angaben an einem Gewinnspiel teilnehmen oder deren Verhalten gegen die Nutzungsbedingungen oder Verhaltensregeln der Facebook- bzw. Instagram-Seite von CITY! verst\u00f6\u00dft. Darunter fallen beispielsweise:<\/p>\n<ul>\n<li>die Verwendung mehrerer Facebook- bzw. Instagram-Accounts,<\/li>\n<li>die Angabe falscher Personendaten,<\/li>\n<li>ehrverletzende Kommentare oder Kommentare mit rassistischen, diskriminierenden oder gesetzeswidrigen Inhalten,<\/li>\n<li>Manipulationen oder<\/li>\n<li>die Verwendung unerlaubter Hilfsmittel.<\/li>\n<\/ul>\n<p>Sofern im jeweiligen Gewinnspiel-Beitrag auf Facebook bzw. Instagram nicht anders angegeben, erfolgt die Gewinnerermittlung durch CITY! nach Teilnahmeschluss unter allen rechtm\u00e4\u00dfigen TeilnehmerInnen nach dem Zufallsprinzip unter Ausschluss der \u00d6ffentlichkeit. Die GewinnerInnen werden per Facebook- bzw. Instagram-Privatnachricht und\/oder Facebook- bzw. Instagram-Kommentar \u00fcber den Gewinn benachrichtigt. Dar\u00fcber hinaus wird \u00fcber das Gewinnspiel kein Schriftverkehr gef\u00fchrt.<\/p>\n<p>CITY! \u00fcbernimmt keine Haftung f\u00fcr die Nutzung von Facebook bzw. Instagram.<\/p>\n<h4>Webseite<\/h4>\n<p>Durch die Teilnahme am Gewinnspiel erkl\u00e4rt sich der Teilnehmer ausdr\u00fccklich damit einverstanden, dass die Firma CITY! die f\u00fcr die Durchf\u00fchrung des Gewinnspiels erforderlichen personenbezogenen Daten im Rahmen der datenschutzrechtlichen Bestimmungen bis zum Ablauf des Gewinnspiels verwendet und speichert. Informationspflichten gem. Artikel 13 DSGVO<\/p>\n<h3>GewinnerInnen<\/h3>\n<p>GewinnerInnen werden von uns telefonisch verst\u00e4ndigt \u2013 deshalb bitte immer die Telefonnummer angeben. Die Gewinne k\u00f6nnen nicht in bar abgel\u00f6st werden und sind aus organisatorischen\/rechtlichen Gr\u00fcnden <strong>ausnahmslos<\/strong> bei uns in der Redaktion (Eisenbahngasse 16, 4020 Linz) abzuholen. Ansonsten verf\u00e4llt der Gewinnanspruch innerhalb von zehn Tagen. CITY! beh\u00e4lt sich vor, f\u00fcr den jeweiligen Gewinn eine neue Gewinnerin bzw. einen neuen Gewinner zu ermitteln.<\/p>\n<p>Die GewinnerInnen sind bei Abholung des Gewinns verpflichtet, sich zu identifizieren. Bei nicht erbrachter Identifikation beh\u00e4lt sich CITY!\u00a0 vor, den Gewinn nicht auszugeben.<\/p>\n<p>CITY!\u00a0 beh\u00e4lt sich vor, dass die Gewinne \u2013 im Falle, dass der Gewinn aus Eintrittskarten besteht \u2013 die Gewinne beim Veranstaltungsort zur Abholung gegen Identifizierung durch Lichtbildausweis hinterlegt werden.<\/p>\n<p>GewinnerInnen erkl\u00e4ren sich grunds\u00e4tzlich damit einverstanden, dass die Redaktion sie auch namentlich erw\u00e4hnen darf. Das gilt f\u00fcr alle Arten der Bekanntmachung (Print und digital). Ist das nicht im Sinne eines Teilnehmers, so muss dieser das der <em>CITY!-<\/em>Redaktion unbedingt schon bei der Gewinn-Verst\u00e4ndigung explizit mitteilen.<\/p>\n<p><strong>CITY Media Zeitschriften GmbH<\/strong><br \/>\nRedaktion CITY! Magazin, 3. Stock<br \/>\nEisenbahngasse 16<br \/>\n4020 Linz<\/p>\n<p>Im Falle, dass der Gewinn aus Eintrittskarten besteht, nehmen die TeilnehmerInnen zur Kenntnis, dass diese gem\u00e4\u00df den Bedingungen des jeweiligen Veranstalters nicht an Dritte weitergegeben oder weiterverkauft werden d\u00fcrfen.<\/p>\n<p>CITY! haftet nicht f\u00fcr die Richtigkeit s\u00e4mtlicher Angaben, die durch Eingriffe von Dritten oder h\u00f6herer Gewalt ver\u00e4ndert oder verf\u00e4lscht wurden.<\/p>\n<h3><strong>Datenschutz<\/strong><\/h3>\n<p>Mit Ihrer Teilnahme erkl\u00e4ren Sie sich einverstanden, dass CITY! Ihre im Rahmen des Gewinnspiels \u00fcbermittelten personenbezogenen Daten zum Zweck der Gewinnspielteilnahme \u2013 jederzeit widerruflich \u2013 verarbeitet. Ihre personenbezogenen Daten werden durch CITY! nur in jenem Ausma\u00df verarbeitet, als es im Rahmen der datenschutzrechtlichen Regelungen unter Einhaltung s\u00e4mtlicher Grunds\u00e4tze des Datenschutzes wie z.B. Rechtm\u00e4\u00dfigkeit, Zweckbindung, Datenminimierung und Speicherbegrenzung erforderlich ist. Die Gewinnspiel-Partner von CITY! k\u00f6nnen Empf\u00e4nger der zur Abwicklung ben\u00f6tigten Daten sein. Auf www.city-magazin.at\/datenschutz finden Sie alle Informationen zum Datenschutz bei CITY! inklusive Kontaktm\u00f6glichkeit, um Ihre Rechte im Datenschutz wie z.B. Auskunft, L\u00f6schung oder Berichtigung in Anspruch zu nehmen. Alternativ kontaktieren Sie uns per Post (CITY Media Zeitschriften GmbH; Mozartstra\u00dfe 53; 4020 Linz), mit einer Kopie ihres Reisepass bzw. Personalausweises.<\/p>\n<h3><strong>Zusatz zu Bild- und Tonaufzeichnung<\/strong><\/h3>\n<p>CITY! beh\u00e4lt sich vor, die GewinnerInnen im Rahmen der Gewinneinl\u00f6sung in Bild- und Ton festzuhalten. Die GewinnerInnen geben ihr Einverst\u00e4ndnis, dass die produzierten Bilder oder die Filmproduktion in unver\u00e4nderter und ge\u00e4nderter Form durch CITY!, die mit dem Einverst\u00e4ndnis der GewinnerInnen handelt, r\u00e4umlich und zeitlich unbegrenzt und unentgeltlich verbreitet und genutzt werden d\u00fcrfen.<\/p>\n<p>Der Rechtsweg und Barabl\u00f6sen sind ausgeschlossen. Es gilt \u00f6sterreichisches Recht.<\/p>\n<p><em>\u00a0<\/em><\/p>\n<\/div><div class=\"fusion-clearfix\"><\/div>\n\n\t\t\t\t\t<\/div>\n\t\t\t\t<\/div><\/div><\/div>\n","protected":false},"excerpt":{"rendered":"","protected":false},"author":2,"featured_media":0,"parent":0,"menu_order":0,"comment_status":"closed","ping_status":"closed","template":"","meta":{"jetpack_post_was_ever_published":false,"footnotes":""},"class_list":["post-4304","page","type-page","status-publish","hentry"],"jetpack_shortlink":"https:\/\/wp.me\/P7QK0n-17q","jetpack_sharing_enabled":true,"_links":{"self":[{"href":"https:\/\/www.city-magazin.at\/index.php\/wp-json\/wp\/v2\/pages\/4304","targetHints":{"allow":["GET"]}}],"collection":[{"href":"https:\/\/www.city-magazin.at\/index.php\/wp-json\/wp\/v2\/pages"}],"about":[{"href":"https:\/\/www.city-magazin.at\/index.php\/wp-json\/wp\/v2\/types\/page"}],"author":[{"embeddable":true,"href":"https:\/\/www.city-magazin.at\/index.php\/wp-json\/wp\/v2\/users\/2"}],"replies":[{"embeddable":true,"href":"https:\/\/www.city-magazin.at\/index.php\/wp-json\/wp\/v2\/comments?post=4304"}],"version-history":[{"count":3,"href":"https:\/\/www.city-magazin.at\/index.php\/wp-json\/wp\/v2\/pages\/4304\/revisions"}],"predecessor-version":[{"id":4611,"href":"https:\/\/www.city-magazin.at\/index.php\/wp-json\/wp\/v2\/pages\/4304\/revisions\/4611"}],"wp:attachment":[{"href":"https:\/\/www.city-magazin.at\/index.php\/wp-json\/wp\/v2\/media?parent=4304"}],"curies":[{"name":"wp","href":"https:\/\/api.w.org\/{rel}","templated":true}]}}