{"id":6786,"date":"2026-04-27T18:00:09","date_gmt":"2026-04-27T16:00:09","guid":{"rendered":"https:\/\/www.city-magazin.at\/?page_id=6786"},"modified":"2026-04-26T13:43:16","modified_gmt":"2026-04-26T11:43:16","slug":"gewinnspiel-9","status":"publish","type":"page","link":"https:\/\/www.city-magazin.at\/index.php\/gewinnspiel-9\/","title":{"rendered":"Gewinnspiel MOFF"},"content":{"rendered":"<div class=\"fusion-fullwidth fullwidth-box nonhundred-percent-fullwidth non-hundred-percent-height-scrolling\"  style='background-color: rgba(255,255,255,0);background-position: center center;background-repeat: no-repeat;padding-top:0px;padding-right:0px;padding-bottom:0px;padding-left:0px;'><div class=\"fusion-builder-row fusion-row \"><div  class=\"fusion-layout-column fusion_builder_column fusion_builder_column_1_2  fusion-one-half fusion-column-first 1_2\"  style='margin-top:0px;margin-bottom:20px;width:50%;width:calc(50% - ( ( 4% ) * 0.5 ) );margin-right: 4%;'>\n\t\t\t\t\t<div class=\"fusion-column-wrapper\" style=\"padding: 0px 0px 0px 0px;background-position:left top;background-repeat:no-repeat;-webkit-background-size:cover;-moz-background-size:cover;-o-background-size:cover;background-size:cover;\"  data-bg-url=\"\">\n\t\t\t\t\t\t<div class=\"fusion-text\"><h1><span style=\"color: #e20714;\">GEWINNSPIEL\u00a0<\/span>MOFF.<\/h1>\n<p class=\"isSelectedEnd\">\ud83d\udcf8\u2728 <strong>Gewinnspiel: KULT\u00a0 MOFF. \u2013 Haderers feines Schundheftl<\/strong> \u2728<\/p>\n<p>Lust auf schr\u00e4gen Humor und feinsten \u00f6sterreichischen Kult?<\/p>\n<p>Ein echtes Sammlerst\u00fcck f\u00fcr Fans von bissiger Satire, absurden Geschichten und unverwechselbarem Stil.<\/p>\n<p>\ud83c\udf81 Viel Gl\u00fcck! \ud83c\udf40<\/p>\n<div class=\"flex flex-grow flex-col max-w-full\">\n<div class=\"min-h-&#091;20px&#093; text-message flex flex-col items-start gap-3 whitespace-pre-wrap break-words &#091;.text-message+&amp;&#093;:mt-5 overflow-x-auto\" data-message-author-role=\"assistant\" data-message-id=\"938283c2-ce92-4a58-a0d6-a8cd3c103f6d\">\n<div class=\"markdown prose w-full break-words dark:prose-invert light\">\n<p>Die Gewinner werden telefonisch kontaktiert. Bitte geben Sie daher immer Ihre Telefonnummer an. Die Preise k\u00f6nnen nicht in bar ausgezahlt werden und m\u00fcssen aus organisatorischen und rechtlichen Gr\u00fcnden ausschlie\u00dflich in der Redaktion (Eisenbahngasse 16, 4020 Linz) nach Terminvereinbarung abgeholt werden. Andernfalls verf\u00e4llt der Anspruch auf den Gewinn innerhalb von zehn Tagen.<\/p>\n<p>Die Gewinner erkl\u00e4ren sich damit einverstanden, dass ihre Namen von der Redaktion genannt werden d\u00fcrfen. Dies gilt f\u00fcr alle Arten von Bekanntmachungen, sowohl in gedruckter Form als auch digital. Sollte ein Teilnehmer nicht damit einverstanden sein, muss dies der CITY!-Redaktion unverz\u00fcglich bei der Benachrichtigung \u00fcber den Gewinn mitgeteilt werden. Der Rechtsweg ist ausgeschlossen.<\/p>\n<\/div>\n<\/div>\n<\/div>\n<p><span class=\"intro\">\u00a0<\/span><\/p>\n<h3 class=\"LC20lb\"><\/h3>\n<\/div><div class=\"fusion-clearfix\"><\/div>\n\n\t\t\t\t\t<\/div>\n\t\t\t\t<\/div><div  class=\"fusion-layout-column fusion_builder_column fusion_builder_column_1_2  fusion-one-half fusion-column-last 1_2\"  style='margin-top:0px;margin-bottom:20px;width:50%;width:calc(50% - ( ( 4% ) * 0.5 ) );'>\n\t\t\t\t\t<div class=\"fusion-column-wrapper\" style=\"padding: 0px 0px 0px 0px;background-position:left top;background-repeat:no-repeat;-webkit-background-size:cover;-moz-background-size:cover;-o-background-size:cover;background-size:cover;\"  data-bg-url=\"\">\n\t\t\t\t\t\t<div class=\"fusion-text\"><h1><\/h1>\n<\/div>\n<div class=\"wpcf7 no-js\" id=\"wpcf7-f3264-o1\" lang=\"de-DE\" dir=\"ltr\" data-wpcf7-id=\"3264\">\n<div class=\"screen-reader-response\"><p role=\"status\" aria-live=\"polite\" aria-atomic=\"true\"><\/p> <ul><\/ul><\/div>\n<form action=\"\/index.php\/wp-json\/wp\/v2\/pages\/6786#wpcf7-f3264-o1\" method=\"post\" class=\"wpcf7-form init\" aria-label=\"Kontaktformular\" novalidate=\"novalidate\" data-status=\"init\">\n<fieldset class=\"hidden-fields-container\"><input type=\"hidden\" name=\"_wpcf7\" value=\"3264\" \/><input type=\"hidden\" name=\"_wpcf7_version\" value=\"6.1.5\" \/><input type=\"hidden\" name=\"_wpcf7_locale\" value=\"de_DE\" \/><input type=\"hidden\" name=\"_wpcf7_unit_tag\" value=\"wpcf7-f3264-o1\" \/><input type=\"hidden\" name=\"_wpcf7_container_post\" value=\"0\" \/><input type=\"hidden\" name=\"_wpcf7_posted_data_hash\" value=\"\" \/>\n<\/fieldset>\n<p><label> Name (erforderlich)<br \/>\n<span class=\"wpcf7-form-control-wrap\" data-name=\"your-name\"><input size=\"40\" maxlength=\"400\" class=\"wpcf7-form-control wpcf7-text wpcf7-validates-as-required\" aria-required=\"true\" aria-invalid=\"false\" value=\"\" type=\"text\" name=\"your-name\" \/><\/span> <\/label>\n<\/p>\n<p><label> E-Mail (erforderlich)<br \/>\n<span class=\"wpcf7-form-control-wrap\" data-name=\"your-email\"><input size=\"40\" maxlength=\"400\" class=\"wpcf7-form-control wpcf7-email wpcf7-validates-as-required wpcf7-text wpcf7-validates-as-email\" aria-required=\"true\" aria-invalid=\"false\" value=\"\" type=\"email\" name=\"your-email\" \/><\/span> <\/label>\n<\/p>\n<p><label> Telefonnummer (erforderlich)<br \/>\n<span class=\"wpcf7-form-control-wrap\" data-name=\"tel-974\"><input size=\"40\" maxlength=\"400\" class=\"wpcf7-form-control wpcf7-tel wpcf7-validates-as-required wpcf7-text wpcf7-validates-as-tel\" aria-required=\"true\" aria-invalid=\"false\" value=\"\" type=\"tel\" name=\"tel-974\" \/><\/span> <\/label>\n<\/p>\n<p><span class=\"wpcf7-form-control-wrap\" data-name=\"acceptance-100\"><span class=\"wpcf7-form-control wpcf7-acceptance\"><span class=\"wpcf7-list-item\"><label><input type=\"checkbox\" name=\"acceptance-100\" value=\"1\" aria-invalid=\"false\" \/><span class=\"wpcf7-list-item-label\">Ich habe die Teilnahmebedingungen gelesen.<\/span><\/label><\/span><\/span><\/span>\n<\/p>\n<p><input class=\"wpcf7-form-control wpcf7-submit has-spinner\" type=\"submit\" value=\"Senden\" \/>\n<\/p><div class=\"fusion-alert alert custom alert-custom fusion-alert-center fusion-alert-capitalize alert-dismissable wpcf7-response-output\" style=\"background-color:;color:;border-color:;border-width:1px;\"><button style=\"color:;border-color:;\" type=\"button\" class=\"close toggle-alert\" data-dismiss=\"alert\" aria-hidden=\"true\">&times;<\/button><div class=\"fusion-alert-content-wrapper\"><span class=\"fusion-alert-content\"><\/span><\/div><\/div>\n<\/form>\n<\/div>\n<div class=\"fusion-clearfix\"><\/div>\n\n\t\t\t\t\t<\/div>\n\t\t\t\t<\/div><\/div><\/div>\n","protected":false},"excerpt":{"rendered":"","protected":false},"author":2,"featured_media":7491,"parent":0,"menu_order":0,"comment_status":"closed","ping_status":"closed","template":"","meta":{"jetpack_post_was_ever_published":true,"footnotes":""},"class_list":["post-6786","page","type-page","status-publish","has-post-thumbnail","hentry"],"jetpack_shortlink":"https:\/\/wp.me\/P7QK0n-1Ls","jetpack_sharing_enabled":true,"_links":{"self":[{"href":"https:\/\/www.city-magazin.at\/index.php\/wp-json\/wp\/v2\/pages\/6786","targetHints":{"allow":["GET"]}}],"collection":[{"href":"https:\/\/www.city-magazin.at\/index.php\/wp-json\/wp\/v2\/pages"}],"about":[{"href":"https:\/\/www.city-magazin.at\/index.php\/wp-json\/wp\/v2\/types\/page"}],"author":[{"embeddable":true,"href":"https:\/\/www.city-magazin.at\/index.php\/wp-json\/wp\/v2\/users\/2"}],"replies":[{"embeddable":true,"href":"https:\/\/www.city-magazin.at\/index.php\/wp-json\/wp\/v2\/comments?post=6786"}],"version-history":[{"count":12,"href":"https:\/\/www.city-magazin.at\/index.php\/wp-json\/wp\/v2\/pages\/6786\/revisions"}],"predecessor-version":[{"id":7492,"href":"https:\/\/www.city-magazin.at\/index.php\/wp-json\/wp\/v2\/pages\/6786\/revisions\/7492"}],"wp:featuredmedia":[{"embeddable":true,"href":"https:\/\/www.city-magazin.at\/index.php\/wp-json\/wp\/v2\/media\/7491"}],"wp:attachment":[{"href":"https:\/\/www.city-magazin.at\/index.php\/wp-json\/wp\/v2\/media?parent=6786"}],"curies":[{"name":"wp","href":"https:\/\/api.w.org\/{rel}","templated":true}]}}